{"id":118,"date":"2025-08-26T09:41:52","date_gmt":"2025-08-26T09:41:52","guid":{"rendered":"https:\/\/kastell-dornau.at\/?page_id=118"},"modified":"2025-09-01T10:54:03","modified_gmt":"2025-09-01T10:54:03","slug":"impressum","status":"publish","type":"page","link":"https:\/\/kastell-dornau.at\/?page_id=118","title":{"rendered":"Impressum"},"content":{"rendered":"\t\t<div data-elementor-type=\"wp-page\" data-elementor-id=\"118\" class=\"elementor elementor-118\" data-elementor-post-type=\"page\">\n\t\t\t\t<div class=\"elementor-element elementor-element-72dd0a3 e-flex e-con-boxed e-con e-parent\" data-id=\"72dd0a3\" data-element_type=\"container\" data-e-type=\"container\">\n\t\t\t\t\t<div class=\"e-con-inner\">\n\t\t\t\t<div class=\"elementor-element elementor-element-238305f elementor-widget elementor-widget-text-editor\" data-id=\"238305f\" data-element_type=\"widget\" data-e-type=\"widget\" data-widget_type=\"text-editor.default\">\n\t\t\t\t<div class=\"elementor-widget-container\">\n\t\t\t\t\t\t\t\t\t<p><strong>Vereinsdaten<\/strong>:\u00a0<\/p><p>Name: Kastell Dornau<br \/>Adresse: Neumarkt im Tauchental 87, 7461 Stadtschlaining<\/p><p>Tel.: 03362\/733312<br \/>E-Mail: office@kastelldornau.at\u00a0<br \/><br \/><\/p><p>\u00a0<\/p><p><strong>Organschaftliche Vertreter<\/strong>:<\/p><p>Obmann: Herbert Dienstl<br \/>Obmann Stellvertreter: DDr. Erwin Schranz<br \/>Finanzreferent: Mag. Gerald Schwab<br \/>Finanzreferent Stellvertreter: Manuel M\u00fcllner MA<br \/>Schriftf\u00fchrerin: Beate Portschy-Ecker<br \/>Schriftf\u00fchrerin Stellvertreterin: Carina Klampfl MBA<\/p><p>\u00a0<\/p>\t\t\t\t\t\t\t\t<\/div>\n\t\t\t\t<\/div>\n\t\t\t\t\t<\/div>\n\t\t\t\t<\/div>\n\t\t\t\t<\/div>\n\t\t","protected":false},"excerpt":{"rendered":"<p>Vereinsdaten:\u00a0 Name: Kastell DornauAdresse: Neumarkt im Tauchental 87, 7461 Stadtschlaining Tel.: 03362\/733312E-Mail: office@kastelldornau.at\u00a0 \u00a0 Organschaftliche Vertreter: Obmann: Herbert DienstlObmann Stellvertreter: DDr. Erwin SchranzFinanzreferent: Mag. Gerald SchwabFinanzreferent Stellvertreter: Manuel M\u00fcllner MASchriftf\u00fchrerin: Beate Portschy-EckerSchriftf\u00fchrerin Stellvertreterin: Carina Klampfl MBA \u00a0<\/p>\n","protected":false},"author":1,"featured_media":0,"parent":0,"menu_order":0,"comment_status":"closed","ping_status":"closed","template":"","meta":{"footnotes":""},"class_list":["post-118","page","type-page","status-publish","hentry"],"_links":{"self":[{"href":"https:\/\/kastell-dornau.at\/index.php?rest_route=\/wp\/v2\/pages\/118","targetHints":{"allow":["GET"]}}],"collection":[{"href":"https:\/\/kastell-dornau.at\/index.php?rest_route=\/wp\/v2\/pages"}],"about":[{"href":"https:\/\/kastell-dornau.at\/index.php?rest_route=\/wp\/v2\/types\/page"}],"author":[{"embeddable":true,"href":"https:\/\/kastell-dornau.at\/index.php?rest_route=\/wp\/v2\/users\/1"}],"replies":[{"embeddable":true,"href":"https:\/\/kastell-dornau.at\/index.php?rest_route=%2Fwp%2Fv2%2Fcomments&post=118"}],"version-history":[{"count":13,"href":"https:\/\/kastell-dornau.at\/index.php?rest_route=\/wp\/v2\/pages\/118\/revisions"}],"predecessor-version":[{"id":325,"href":"https:\/\/kastell-dornau.at\/index.php?rest_route=\/wp\/v2\/pages\/118\/revisions\/325"}],"wp:attachment":[{"href":"https:\/\/kastell-dornau.at\/index.php?rest_route=%2Fwp%2Fv2%2Fmedia&parent=118"}],"curies":[{"name":"wp","href":"https:\/\/api.w.org\/{rel}","templated":true}]}}